{"id":2811,"date":"2025-07-02T14:48:47","date_gmt":"2025-07-02T14:48:47","guid":{"rendered":"https:\/\/rovelotire.ca\/acerca-de\/road-hazard-replacement-program\/"},"modified":"2025-09-23T04:20:36","modified_gmt":"2025-09-23T04:20:36","slug":"road-hazard-replacement-program","status":"publish","type":"page","link":"https:\/\/rovelotireusa.staging.binary.ink\/es-us\/acerca-de\/road-hazard-replacement-program\/","title":{"rendered":"PROGRAMA DE REEMPLAZO POR RIESGO DEL CAMINO"},"content":{"rendered":"<div id=\"med-title-block_b5e300710c83fb62c3fcd121d85b2dfd\"  class=\"container-fluid position-relative \">\n    <div class=\"row bg-dark text-light bg-dark-fade\"  style=\"height: 250px;\">\n        <div class=\"col-12 col-lg-5 p-0 offset-lg-7\">\n            <div class=\"wp-block-cover clip-lg-left\" style=\"aspect-ratio:unset;\">\n                <span aria-hidden=\"true\" class=\"wp-block-cover__background has-background-dim-60 has-background-dim wp-block-cover__gradient-background has-background-gradient has-dark-fade-gradient-background\"><\/span>\n                <img loading=\"lazy\" decoding=\"async\" class=\"wp-block-cover__image-background img-grow-on-load\" alt=\"Mechanic working on tire\"  src=\"https:\/\/rovelotireusa.staging.binary.ink\/wp-content\/uploads\/2025\/05\/RHRP-Section1-HeroImg.webp\" data-object-fit=\"cover\">\n            <\/div>\n        <\/div>\n    <\/div>\n    <div class=\"position-absolute w-100 h-100 d-flex flex-columns align-items-center\"  style=\"top:0;left:0;\">\n        \n        <div class=\"container-xl\">\n            <div class=\"row\">\n                <div class=\"col-12 col-lg-7\">\n                    <h1 class=\"text-white text-lg-primary text-shadow has-size-4-font-size aos-init\" data-aos=\"fade-right\" data-aos-duration=\"800\">PROGRAMA DE REEMPLAZO <\/h1>\n                <\/div>\n            <\/div>\n        <\/div>\n    <\/div>\n<\/div>\n\n\n<div class=\"wp-block-group container-xl mt-5 mb-5\">\n<figure class=\"wp-block-image size-full\"><img decoding=\"async\" src=\"https:\/\/rovelo-new-pass:8890\/wp-content\/uploads\/2025\/05\/badge-tire-replacement.svg\" alt=\"Tire replacement program\" class=\"wp-image-229\"\/><\/figure>\n\n\n\n<h2 class=\"wp-block-heading has-primary-color has-text-color has-link-color wp-elements-7666da9ad6fbaa5b2dbf7e6a0c5c75c5\">PROGRAMA DE REEMPLAZO POR RIESGO DEL CAMINO<\/h2>\n\n\n\n<p>ROVELO Tire ofrece un programa de riesgo del camino de \u201creemplazo limitado y gratuito\u201d, el cual aplica para todos los patrones de camionetas de pasajeros y ligeras ROVELO. Este programa es una muestra de buena voluntad y no es un programa que implique que su neum\u00e1tico fallar\u00e1 debido a un riesgo del camino. Este programa de reemplazo gratuito por riesgo del camino es v\u00e1lido solamente para los primeros 3\/32 de la banda de rodamiento original utilizable o dos a\u00f1os desde la fecha de compra, lo que ocurra primero. ROVELO reemplazar\u00e1 el neum\u00e1tico irreparable con un nuevo neum\u00e1tico ROVELO similar. El montaje, el balanceo y los impuestos correspondientes son responsabilidad del consumidor. Una vez que un neum\u00e1tico se use m\u00e1s all\u00e1 de los primeros 3\/32 o m\u00e1s de dos a\u00f1os desde la fecha de compra, este programa por riesgo del camino es nulo. Los neum\u00e1ticos que puedan repararse siempre deben repararse con costo para el propietario del veh\u00edculo.<br><br>El Programa de Reemplazo por Peligro en la Carretera se aplica a todos los neum\u00e1ticos comprados despu\u00e9s del 1 de enero de 2025. (Los neum\u00e1ticos comprados antes del 1\/1\/2025 no califican para este programa)<\/p>\n<\/div>\n","protected":false},"excerpt":{"rendered":"<p>PROGRAMA DE REEMPLAZO POR RIESGO DEL CAMINO ROVELO Tire ofrece un programa de riesgo del camino de \u201creemplazo limitado y gratuito\u201d, el cual aplica para todos los patrones de camionetas de pasajeros y ligeras ROVELO. Este programa es una muestra de buena voluntad y no es un programa que implique que su neum\u00e1tico fallar\u00e1 debido [&hellip;]<\/p>\n","protected":false},"author":1,"featured_media":0,"parent":2776,"menu_order":0,"comment_status":"closed","ping_status":"closed","template":"","meta":{"_acf_changed":false,"footnotes":""},"class_list":["post-2811","page","type-page","status-publish","hentry"],"acf":[],"yoast_head":"<!-- This site is optimized with the Yoast SEO plugin v27.2 - https:\/\/yoast.com\/product\/yoast-seo-wordpress\/ -->\n<title>Programa de Reemplazo por Da\u00f1os en el Camino | Rovelo Tires US<\/title>\n<meta name=\"description\" content=\"Rovelo fabrica neum\u00e1ticos de alta calidad que brindan gran valor a los conductores diarios y rendimiento accesible en el que puedes confiar. Conoce m\u00e1s sobre nuestro Programa de Reemplazo por Da\u00f1os en Carretera de 2 a\u00f1os.\" \/>\n<meta name=\"robots\" content=\"index, follow, max-snippet:-1, max-image-preview:large, max-video-preview:-1\" \/>\n<link rel=\"canonical\" href=\"https:\/\/rovelotireusa.staging.binary.ink\/es-us\/acerca-de\/road-hazard-replacement-program\/\" \/>\n<meta property=\"og:locale\" content=\"es_ES\" \/>\n<meta property=\"og:type\" content=\"article\" \/>\n<meta property=\"og:title\" content=\"Programa de Reemplazo por Da\u00f1os en el Camino | Rovelo Tires US\" \/>\n<meta property=\"og:description\" content=\"Rovelo fabrica neum\u00e1ticos de alta calidad que brindan gran valor a los conductores diarios y rendimiento accesible en el que puedes confiar. Conoce m\u00e1s sobre nuestro Programa de Reemplazo por Da\u00f1os en Carretera de 2 a\u00f1os.\" \/>\n<meta property=\"og:url\" content=\"https:\/\/rovelotireusa.staging.binary.ink\/es-us\/acerca-de\/road-hazard-replacement-program\/\" \/>\n<meta property=\"og:site_name\" content=\"Rovelo Tire Canada\" \/>\n<meta property=\"article:modified_time\" content=\"2025-09-23T04:20:36+00:00\" \/>\n<meta property=\"og:image\" content=\"https:\/\/rovelo-new-pass:8890\/wp-content\/uploads\/2025\/05\/badge-tire-replacement.svg\" \/>\n<meta name=\"twitter:card\" content=\"summary_large_image\" \/>\n<meta name=\"twitter:label1\" content=\"Est. reading time\" \/>\n\t<meta name=\"twitter:data1\" content=\"2 minutes\" \/>\n<script type=\"application\/ld+json\" class=\"yoast-schema-graph\">{\"@context\":\"https:\/\/schema.org\",\"@graph\":[{\"@type\":\"WebPage\",\"@id\":\"https:\/\/rovelotireusa.staging.binary.ink\/es-us\/acerca-de\/road-hazard-replacement-program\/\",\"url\":\"https:\/\/rovelotireusa.staging.binary.ink\/es-us\/acerca-de\/road-hazard-replacement-program\/\",\"name\":\"Programa de Reemplazo por Da\u00f1os en el Camino | Rovelo Tires US\",\"isPartOf\":{\"@id\":\"https:\/\/rovelotire.ca\/#website\"},\"primaryImageOfPage\":{\"@id\":\"https:\/\/rovelotireusa.staging.binary.ink\/es-us\/acerca-de\/road-hazard-replacement-program\/#primaryimage\"},\"image\":{\"@id\":\"https:\/\/rovelotireusa.staging.binary.ink\/es-us\/acerca-de\/road-hazard-replacement-program\/#primaryimage\"},\"thumbnailUrl\":\"https:\/\/rovelo-new-pass:8890\/wp-content\/uploads\/2025\/05\/badge-tire-replacement.svg\",\"datePublished\":\"2025-07-02T14:48:47+00:00\",\"dateModified\":\"2025-09-23T04:20:36+00:00\",\"description\":\"Rovelo fabrica neum\u00e1ticos de alta calidad que brindan gran valor a los conductores diarios y rendimiento accesible en el que puedes confiar. Conoce m\u00e1s sobre nuestro Programa de Reemplazo por Da\u00f1os en Carretera de 2 a\u00f1os.\",\"breadcrumb\":{\"@id\":\"https:\/\/rovelotireusa.staging.binary.ink\/es-us\/acerca-de\/road-hazard-replacement-program\/#breadcrumb\"},\"inLanguage\":\"es-US\",\"potentialAction\":[{\"@type\":\"ReadAction\",\"target\":[\"https:\/\/rovelotireusa.staging.binary.ink\/es-us\/acerca-de\/road-hazard-replacement-program\/\"]}]},{\"@type\":\"ImageObject\",\"inLanguage\":\"es-US\",\"@id\":\"https:\/\/rovelotireusa.staging.binary.ink\/es-us\/acerca-de\/road-hazard-replacement-program\/#primaryimage\",\"url\":\"https:\/\/rovelo-new-pass:8890\/wp-content\/uploads\/2025\/05\/badge-tire-replacement.svg\",\"contentUrl\":\"https:\/\/rovelo-new-pass:8890\/wp-content\/uploads\/2025\/05\/badge-tire-replacement.svg\"},{\"@type\":\"BreadcrumbList\",\"@id\":\"https:\/\/rovelotireusa.staging.binary.ink\/es-us\/acerca-de\/road-hazard-replacement-program\/#breadcrumb\",\"itemListElement\":[{\"@type\":\"ListItem\",\"position\":1,\"name\":\"Home\",\"item\":\"https:\/\/rovelotireusa.staging.binary.ink\/es-us\/\"},{\"@type\":\"ListItem\",\"position\":2,\"name\":\"ACERCA DE\",\"item\":\"https:\/\/rovelotireusa.staging.binary.ink\/es-us\/acerca-de\/\"},{\"@type\":\"ListItem\",\"position\":3,\"name\":\"PROGRAMA DE REEMPLAZO POR RIESGO DEL CAMINO\"}]},{\"@type\":\"WebSite\",\"@id\":\"https:\/\/rovelotire.ca\/#website\",\"url\":\"https:\/\/rovelotire.ca\/\",\"name\":\"Rovelo Tires Canada\",\"description\":\"\",\"publisher\":{\"@id\":\"https:\/\/rovelotire.ca\/#organization\"},\"alternateName\":\"Rovelo Tires Canada\",\"potentialAction\":[{\"@type\":\"SearchAction\",\"target\":{\"@type\":\"EntryPoint\",\"urlTemplate\":\"https:\/\/rovelotire.ca\/?s={search_term_string}\"},\"query-input\":{\"@type\":\"PropertyValueSpecification\",\"valueRequired\":true,\"valueName\":\"search_term_string\"}}],\"inLanguage\":\"es-US\"},{\"@type\":\"Organization\",\"@id\":\"https:\/\/rovelotire.ca\/#organization\",\"name\":\"Rovelo Tires Canada\",\"url\":\"https:\/\/rovelotire.ca\/\",\"logo\":{\"@type\":\"ImageObject\",\"inLanguage\":\"es-US\",\"@id\":\"https:\/\/rovelotire.ca\/#\/schema\/logo\/image\/\",\"url\":\"https:\/\/rovelotireusa.staging.binary.ink\/wp-content\/uploads\/2025\/04\/rovelo-logo.svg\",\"contentUrl\":\"https:\/\/rovelotireusa.staging.binary.ink\/wp-content\/uploads\/2025\/04\/rovelo-logo.svg\",\"caption\":\"Rovelo Tires Canada\"},\"image\":{\"@id\":\"https:\/\/rovelotire.ca\/#\/schema\/logo\/image\/\"}}]}<\/script>\n<!-- \/ Yoast SEO plugin. -->","yoast_head_json":{"title":"Programa de Reemplazo por Da\u00f1os en el Camino | Rovelo Tires US","description":"Rovelo fabrica neum\u00e1ticos de alta calidad que brindan gran valor a los conductores diarios y rendimiento accesible en el que puedes confiar. Conoce m\u00e1s sobre nuestro Programa de Reemplazo por Da\u00f1os en Carretera de 2 a\u00f1os.","robots":{"index":"index","follow":"follow","max-snippet":"max-snippet:-1","max-image-preview":"max-image-preview:large","max-video-preview":"max-video-preview:-1"},"canonical":"https:\/\/rovelotireusa.staging.binary.ink\/es-us\/acerca-de\/road-hazard-replacement-program\/","og_locale":"es_ES","og_type":"article","og_title":"Programa de Reemplazo por Da\u00f1os en el Camino | Rovelo Tires US","og_description":"Rovelo fabrica neum\u00e1ticos de alta calidad que brindan gran valor a los conductores diarios y rendimiento accesible en el que puedes confiar. Conoce m\u00e1s sobre nuestro Programa de Reemplazo por Da\u00f1os en Carretera de 2 a\u00f1os.","og_url":"https:\/\/rovelotireusa.staging.binary.ink\/es-us\/acerca-de\/road-hazard-replacement-program\/","og_site_name":"Rovelo Tire Canada","article_modified_time":"2025-09-23T04:20:36+00:00","og_image":[{"url":"https:\/\/rovelo-new-pass:8890\/wp-content\/uploads\/2025\/05\/badge-tire-replacement.svg","type":"","width":"","height":""}],"twitter_card":"summary_large_image","twitter_misc":{"Est. reading time":"2 minutes"},"schema":{"@context":"https:\/\/schema.org","@graph":[{"@type":"WebPage","@id":"https:\/\/rovelotireusa.staging.binary.ink\/es-us\/acerca-de\/road-hazard-replacement-program\/","url":"https:\/\/rovelotireusa.staging.binary.ink\/es-us\/acerca-de\/road-hazard-replacement-program\/","name":"Programa de Reemplazo por Da\u00f1os en el Camino | Rovelo Tires US","isPartOf":{"@id":"https:\/\/rovelotire.ca\/#website"},"primaryImageOfPage":{"@id":"https:\/\/rovelotireusa.staging.binary.ink\/es-us\/acerca-de\/road-hazard-replacement-program\/#primaryimage"},"image":{"@id":"https:\/\/rovelotireusa.staging.binary.ink\/es-us\/acerca-de\/road-hazard-replacement-program\/#primaryimage"},"thumbnailUrl":"https:\/\/rovelo-new-pass:8890\/wp-content\/uploads\/2025\/05\/badge-tire-replacement.svg","datePublished":"2025-07-02T14:48:47+00:00","dateModified":"2025-09-23T04:20:36+00:00","description":"Rovelo fabrica neum\u00e1ticos de alta calidad que brindan gran valor a los conductores diarios y rendimiento accesible en el que puedes confiar. Conoce m\u00e1s sobre nuestro Programa de Reemplazo por Da\u00f1os en Carretera de 2 a\u00f1os.","breadcrumb":{"@id":"https:\/\/rovelotireusa.staging.binary.ink\/es-us\/acerca-de\/road-hazard-replacement-program\/#breadcrumb"},"inLanguage":"es-US","potentialAction":[{"@type":"ReadAction","target":["https:\/\/rovelotireusa.staging.binary.ink\/es-us\/acerca-de\/road-hazard-replacement-program\/"]}]},{"@type":"ImageObject","inLanguage":"es-US","@id":"https:\/\/rovelotireusa.staging.binary.ink\/es-us\/acerca-de\/road-hazard-replacement-program\/#primaryimage","url":"https:\/\/rovelo-new-pass:8890\/wp-content\/uploads\/2025\/05\/badge-tire-replacement.svg","contentUrl":"https:\/\/rovelo-new-pass:8890\/wp-content\/uploads\/2025\/05\/badge-tire-replacement.svg"},{"@type":"BreadcrumbList","@id":"https:\/\/rovelotireusa.staging.binary.ink\/es-us\/acerca-de\/road-hazard-replacement-program\/#breadcrumb","itemListElement":[{"@type":"ListItem","position":1,"name":"Home","item":"https:\/\/rovelotireusa.staging.binary.ink\/es-us\/"},{"@type":"ListItem","position":2,"name":"ACERCA DE","item":"https:\/\/rovelotireusa.staging.binary.ink\/es-us\/acerca-de\/"},{"@type":"ListItem","position":3,"name":"PROGRAMA DE REEMPLAZO POR RIESGO DEL CAMINO"}]},{"@type":"WebSite","@id":"https:\/\/rovelotire.ca\/#website","url":"https:\/\/rovelotire.ca\/","name":"Rovelo Tires Canada","description":"","publisher":{"@id":"https:\/\/rovelotire.ca\/#organization"},"alternateName":"Rovelo Tires Canada","potentialAction":[{"@type":"SearchAction","target":{"@type":"EntryPoint","urlTemplate":"https:\/\/rovelotire.ca\/?s={search_term_string}"},"query-input":{"@type":"PropertyValueSpecification","valueRequired":true,"valueName":"search_term_string"}}],"inLanguage":"es-US"},{"@type":"Organization","@id":"https:\/\/rovelotire.ca\/#organization","name":"Rovelo Tires Canada","url":"https:\/\/rovelotire.ca\/","logo":{"@type":"ImageObject","inLanguage":"es-US","@id":"https:\/\/rovelotire.ca\/#\/schema\/logo\/image\/","url":"https:\/\/rovelotireusa.staging.binary.ink\/wp-content\/uploads\/2025\/04\/rovelo-logo.svg","contentUrl":"https:\/\/rovelotireusa.staging.binary.ink\/wp-content\/uploads\/2025\/04\/rovelo-logo.svg","caption":"Rovelo Tires Canada"},"image":{"@id":"https:\/\/rovelotire.ca\/#\/schema\/logo\/image\/"}}]}},"_links":{"self":[{"href":"https:\/\/rovelotireusa.staging.binary.ink\/es-us\/wp-json\/wp\/v2\/pages\/2811","targetHints":{"allow":["GET"]}}],"collection":[{"href":"https:\/\/rovelotireusa.staging.binary.ink\/es-us\/wp-json\/wp\/v2\/pages"}],"about":[{"href":"https:\/\/rovelotireusa.staging.binary.ink\/es-us\/wp-json\/wp\/v2\/types\/page"}],"author":[{"embeddable":true,"href":"https:\/\/rovelotireusa.staging.binary.ink\/es-us\/wp-json\/wp\/v2\/users\/1"}],"replies":[{"embeddable":true,"href":"https:\/\/rovelotireusa.staging.binary.ink\/es-us\/wp-json\/wp\/v2\/comments?post=2811"}],"version-history":[{"count":5,"href":"https:\/\/rovelotireusa.staging.binary.ink\/es-us\/wp-json\/wp\/v2\/pages\/2811\/revisions"}],"predecessor-version":[{"id":3055,"href":"https:\/\/rovelotireusa.staging.binary.ink\/es-us\/wp-json\/wp\/v2\/pages\/2811\/revisions\/3055"}],"up":[{"embeddable":true,"href":"https:\/\/rovelotireusa.staging.binary.ink\/es-us\/wp-json\/wp\/v2\/pages\/2776"}],"wp:attachment":[{"href":"https:\/\/rovelotireusa.staging.binary.ink\/es-us\/wp-json\/wp\/v2\/media?parent=2811"}],"curies":[{"name":"wp","href":"https:\/\/api.w.org\/{rel}","templated":true}]}}