{"id":2770,"date":"2025-04-09T14:12:11","date_gmt":"2025-04-09T14:12:11","guid":{"rendered":"https:\/\/rovelotire.ca\/todos-los-neumaticos\/neumaticos-todoterreno\/"},"modified":"2025-09-16T13:58:29","modified_gmt":"2025-09-16T13:58:29","slug":"neumaticos-todoterreno","status":"publish","type":"page","link":"https:\/\/rovelotireusa.staging.binary.ink\/es-us\/todos-los-neumaticos\/neumaticos-todoterreno\/","title":{"rendered":"Neum\u00e1ticos todoterreno"},"content":{"rendered":"\n<div class=\"wp-block-cover has-custom-content-position is-position-top-center has-dark-color has-text-color has-link-color wp-elements-589c91ffc33595e99035e39462971488\" style=\"min-height:600px;aspect-ratio:unset;\"><img loading=\"lazy\" decoding=\"async\" width=\"1024\" height=\"981\" class=\"wp-block-cover__image-background wp-image-275 size-large\" alt=\"Truck parked outside\" src=\"https:\/\/rovelotire.ca\/wp-content\/uploads\/2025\/05\/PLP-Section2-About-AllTerrain-Background-1024x981.webp\" style=\"object-position:49% 89%\" data-object-fit=\"cover\" data-object-position=\"49% 89%\"\/><span aria-hidden=\"true\" class=\"wp-block-cover__background has-background-dim-100 has-background-dim wp-block-cover__gradient-background has-background-gradient has-light-fade-gradient-background\"><\/span><div class=\"wp-block-cover__inner-container\">\n<div class=\"wp-block-group container mt-5 mb-5\">\n<div class=\"wp-block-group col-lg-8 m-auto\">\n<h2 class=\"wp-block-heading has-text-align-center has-primary-color has-text-color has-link-color has-large-font-size wp-elements-4ac3f1f6fc243eeb1f455d97090e3f3f\"><strong>Dise\u00f1o especial para cada terreno<\/strong><\/h2>\n\n\n\n<p class=\"has-text-align-center\">Dise\u00f1ados con patrones de banda de rodamiento avanzados y compuestos durables, los neum\u00e1ticos todoterreno con las calificaciones m\u00e1s altas de Rovelo ofrecen agarre, tracci\u00f3n y manejo excepcionales en todas las condiciones, desde senderos accidentados y caminos rocosos hasta calles de la ciudad y viaje en carretera.<\/p>\n<\/div>\n<\/div>\n<\/div><\/div>\n","protected":false},"excerpt":{"rendered":"","protected":false},"author":1,"featured_media":0,"parent":2752,"menu_order":0,"comment_status":"closed","ping_status":"closed","template":"page-tires.php","meta":{"_acf_changed":false,"footnotes":""},"class_list":["post-2770","page","type-page","status-publish","hentry"],"acf":[],"yoast_head":"<!-- This site is optimized with the Yoast SEO plugin v27.2 - https:\/\/yoast.com\/product\/yoast-seo-wordpress\/ -->\n<title>Llantas Todo Terreno | Rovelo Tires US<\/title>\n<meta name=\"description\" content=\"Los neum\u00e1ticos todo terreno de Rovelo combinan la tecnolog\u00eda de neum\u00e1ticos todoterreno y de carretera para conducir con seguridad en todo tipo de terrenos y condiciones clim\u00e1ticas. Descubre nuestra selecci\u00f3n de neum\u00e1ticos todo terreno hoy.\" \/>\n<meta name=\"robots\" content=\"index, follow, max-snippet:-1, max-image-preview:large, max-video-preview:-1\" \/>\n<link rel=\"canonical\" href=\"https:\/\/rovelotireusa.staging.binary.ink\/es-us\/todos-los-neumaticos\/neumaticos-todoterreno\/\" \/>\n<meta property=\"og:locale\" content=\"es_ES\" \/>\n<meta property=\"og:type\" content=\"article\" \/>\n<meta property=\"og:title\" content=\"Llantas Todo Terreno | Rovelo Tires US\" \/>\n<meta property=\"og:description\" content=\"Los neum\u00e1ticos todo terreno de Rovelo combinan la tecnolog\u00eda de neum\u00e1ticos todoterreno y de carretera para conducir con seguridad en todo tipo de terrenos y condiciones clim\u00e1ticas. Descubre nuestra selecci\u00f3n de neum\u00e1ticos todo terreno hoy.\" \/>\n<meta property=\"og:url\" content=\"https:\/\/rovelotireusa.staging.binary.ink\/es-us\/todos-los-neumaticos\/neumaticos-todoterreno\/\" \/>\n<meta property=\"og:site_name\" content=\"Rovelo Tire Canada\" \/>\n<meta property=\"article:modified_time\" content=\"2025-09-16T13:58:29+00:00\" \/>\n<meta property=\"og:image\" content=\"https:\/\/rovelotire.ca\/wp-content\/uploads\/2025\/05\/PLP-Section2-About-AllTerrain-Background-1024x981.webp\" \/>\n<meta name=\"twitter:card\" content=\"summary_large_image\" \/>\n<meta name=\"twitter:label1\" content=\"Est. reading time\" \/>\n\t<meta name=\"twitter:data1\" content=\"1 minute\" \/>\n<script type=\"application\/ld+json\" class=\"yoast-schema-graph\">{\"@context\":\"https:\/\/schema.org\",\"@graph\":[{\"@type\":\"WebPage\",\"@id\":\"https:\/\/rovelotireusa.staging.binary.ink\/es-us\/todos-los-neumaticos\/neumaticos-todoterreno\/\",\"url\":\"https:\/\/rovelotireusa.staging.binary.ink\/es-us\/todos-los-neumaticos\/neumaticos-todoterreno\/\",\"name\":\"Llantas Todo Terreno | Rovelo Tires US\",\"isPartOf\":{\"@id\":\"https:\/\/rovelotire.ca\/#website\"},\"primaryImageOfPage\":{\"@id\":\"https:\/\/rovelotireusa.staging.binary.ink\/es-us\/todos-los-neumaticos\/neumaticos-todoterreno\/#primaryimage\"},\"image\":{\"@id\":\"https:\/\/rovelotireusa.staging.binary.ink\/es-us\/todos-los-neumaticos\/neumaticos-todoterreno\/#primaryimage\"},\"thumbnailUrl\":\"https:\/\/rovelotire.ca\/wp-content\/uploads\/2025\/05\/PLP-Section2-About-AllTerrain-Background-1024x981.webp\",\"datePublished\":\"2025-04-09T14:12:11+00:00\",\"dateModified\":\"2025-09-16T13:58:29+00:00\",\"description\":\"Los neum\u00e1ticos todo terreno de Rovelo combinan la tecnolog\u00eda de neum\u00e1ticos todoterreno y de carretera para conducir con seguridad en todo tipo de terrenos y condiciones clim\u00e1ticas. Descubre nuestra selecci\u00f3n de neum\u00e1ticos todo terreno hoy.\",\"breadcrumb\":{\"@id\":\"https:\/\/rovelotireusa.staging.binary.ink\/es-us\/todos-los-neumaticos\/neumaticos-todoterreno\/#breadcrumb\"},\"inLanguage\":\"es-US\",\"potentialAction\":[{\"@type\":\"ReadAction\",\"target\":[\"https:\/\/rovelotireusa.staging.binary.ink\/es-us\/todos-los-neumaticos\/neumaticos-todoterreno\/\"]}]},{\"@type\":\"ImageObject\",\"inLanguage\":\"es-US\",\"@id\":\"https:\/\/rovelotireusa.staging.binary.ink\/es-us\/todos-los-neumaticos\/neumaticos-todoterreno\/#primaryimage\",\"url\":\"https:\/\/rovelotire.ca\/wp-content\/uploads\/2025\/05\/PLP-Section2-About-AllTerrain-Background-1024x981.webp\",\"contentUrl\":\"https:\/\/rovelotire.ca\/wp-content\/uploads\/2025\/05\/PLP-Section2-About-AllTerrain-Background-1024x981.webp\"},{\"@type\":\"BreadcrumbList\",\"@id\":\"https:\/\/rovelotireusa.staging.binary.ink\/es-us\/todos-los-neumaticos\/neumaticos-todoterreno\/#breadcrumb\",\"itemListElement\":[{\"@type\":\"ListItem\",\"position\":1,\"name\":\"Home\",\"item\":\"https:\/\/rovelotireusa.staging.binary.ink\/es-us\/\"},{\"@type\":\"ListItem\",\"position\":2,\"name\":\"TODOS LOS NEUM\u00c1TICOS\",\"item\":\"https:\/\/rovelotire.ca\/es-us\/todos-los-neumaticos\/\"},{\"@type\":\"ListItem\",\"position\":3,\"name\":\"Neum\u00e1ticos todoterreno\"}]},{\"@type\":\"WebSite\",\"@id\":\"https:\/\/rovelotire.ca\/#website\",\"url\":\"https:\/\/rovelotire.ca\/\",\"name\":\"Rovelo Tires Canada\",\"description\":\"\",\"publisher\":{\"@id\":\"https:\/\/rovelotire.ca\/#organization\"},\"alternateName\":\"Rovelo Tires Canada\",\"potentialAction\":[{\"@type\":\"SearchAction\",\"target\":{\"@type\":\"EntryPoint\",\"urlTemplate\":\"https:\/\/rovelotire.ca\/?s={search_term_string}\"},\"query-input\":{\"@type\":\"PropertyValueSpecification\",\"valueRequired\":true,\"valueName\":\"search_term_string\"}}],\"inLanguage\":\"es-US\"},{\"@type\":\"Organization\",\"@id\":\"https:\/\/rovelotire.ca\/#organization\",\"name\":\"Rovelo Tires Canada\",\"url\":\"https:\/\/rovelotire.ca\/\",\"logo\":{\"@type\":\"ImageObject\",\"inLanguage\":\"es-US\",\"@id\":\"https:\/\/rovelotire.ca\/#\/schema\/logo\/image\/\",\"url\":\"https:\/\/rovelotireusa.staging.binary.ink\/wp-content\/uploads\/2025\/04\/rovelo-logo.svg\",\"contentUrl\":\"https:\/\/rovelotireusa.staging.binary.ink\/wp-content\/uploads\/2025\/04\/rovelo-logo.svg\",\"caption\":\"Rovelo Tires Canada\"},\"image\":{\"@id\":\"https:\/\/rovelotire.ca\/#\/schema\/logo\/image\/\"}}]}<\/script>\n<!-- \/ Yoast SEO plugin. -->","yoast_head_json":{"title":"Llantas Todo Terreno | Rovelo Tires US","description":"Los neum\u00e1ticos todo terreno de Rovelo combinan la tecnolog\u00eda de neum\u00e1ticos todoterreno y de carretera para conducir con seguridad en todo tipo de terrenos y condiciones clim\u00e1ticas. Descubre nuestra selecci\u00f3n de neum\u00e1ticos todo terreno hoy.","robots":{"index":"index","follow":"follow","max-snippet":"max-snippet:-1","max-image-preview":"max-image-preview:large","max-video-preview":"max-video-preview:-1"},"canonical":"https:\/\/rovelotireusa.staging.binary.ink\/es-us\/todos-los-neumaticos\/neumaticos-todoterreno\/","og_locale":"es_ES","og_type":"article","og_title":"Llantas Todo Terreno | Rovelo Tires US","og_description":"Los neum\u00e1ticos todo terreno de Rovelo combinan la tecnolog\u00eda de neum\u00e1ticos todoterreno y de carretera para conducir con seguridad en todo tipo de terrenos y condiciones clim\u00e1ticas. Descubre nuestra selecci\u00f3n de neum\u00e1ticos todo terreno hoy.","og_url":"https:\/\/rovelotireusa.staging.binary.ink\/es-us\/todos-los-neumaticos\/neumaticos-todoterreno\/","og_site_name":"Rovelo Tire Canada","article_modified_time":"2025-09-16T13:58:29+00:00","og_image":[{"url":"https:\/\/rovelotire.ca\/wp-content\/uploads\/2025\/05\/PLP-Section2-About-AllTerrain-Background-1024x981.webp","type":"","width":"","height":""}],"twitter_card":"summary_large_image","twitter_misc":{"Est. reading time":"1 minute"},"schema":{"@context":"https:\/\/schema.org","@graph":[{"@type":"WebPage","@id":"https:\/\/rovelotireusa.staging.binary.ink\/es-us\/todos-los-neumaticos\/neumaticos-todoterreno\/","url":"https:\/\/rovelotireusa.staging.binary.ink\/es-us\/todos-los-neumaticos\/neumaticos-todoterreno\/","name":"Llantas Todo Terreno | Rovelo Tires US","isPartOf":{"@id":"https:\/\/rovelotire.ca\/#website"},"primaryImageOfPage":{"@id":"https:\/\/rovelotireusa.staging.binary.ink\/es-us\/todos-los-neumaticos\/neumaticos-todoterreno\/#primaryimage"},"image":{"@id":"https:\/\/rovelotireusa.staging.binary.ink\/es-us\/todos-los-neumaticos\/neumaticos-todoterreno\/#primaryimage"},"thumbnailUrl":"https:\/\/rovelotire.ca\/wp-content\/uploads\/2025\/05\/PLP-Section2-About-AllTerrain-Background-1024x981.webp","datePublished":"2025-04-09T14:12:11+00:00","dateModified":"2025-09-16T13:58:29+00:00","description":"Los neum\u00e1ticos todo terreno de Rovelo combinan la tecnolog\u00eda de neum\u00e1ticos todoterreno y de carretera para conducir con seguridad en todo tipo de terrenos y condiciones clim\u00e1ticas. Descubre nuestra selecci\u00f3n de neum\u00e1ticos todo terreno hoy.","breadcrumb":{"@id":"https:\/\/rovelotireusa.staging.binary.ink\/es-us\/todos-los-neumaticos\/neumaticos-todoterreno\/#breadcrumb"},"inLanguage":"es-US","potentialAction":[{"@type":"ReadAction","target":["https:\/\/rovelotireusa.staging.binary.ink\/es-us\/todos-los-neumaticos\/neumaticos-todoterreno\/"]}]},{"@type":"ImageObject","inLanguage":"es-US","@id":"https:\/\/rovelotireusa.staging.binary.ink\/es-us\/todos-los-neumaticos\/neumaticos-todoterreno\/#primaryimage","url":"https:\/\/rovelotire.ca\/wp-content\/uploads\/2025\/05\/PLP-Section2-About-AllTerrain-Background-1024x981.webp","contentUrl":"https:\/\/rovelotire.ca\/wp-content\/uploads\/2025\/05\/PLP-Section2-About-AllTerrain-Background-1024x981.webp"},{"@type":"BreadcrumbList","@id":"https:\/\/rovelotireusa.staging.binary.ink\/es-us\/todos-los-neumaticos\/neumaticos-todoterreno\/#breadcrumb","itemListElement":[{"@type":"ListItem","position":1,"name":"Home","item":"https:\/\/rovelotireusa.staging.binary.ink\/es-us\/"},{"@type":"ListItem","position":2,"name":"TODOS LOS NEUM\u00c1TICOS","item":"https:\/\/rovelotire.ca\/es-us\/todos-los-neumaticos\/"},{"@type":"ListItem","position":3,"name":"Neum\u00e1ticos todoterreno"}]},{"@type":"WebSite","@id":"https:\/\/rovelotire.ca\/#website","url":"https:\/\/rovelotire.ca\/","name":"Rovelo Tires Canada","description":"","publisher":{"@id":"https:\/\/rovelotire.ca\/#organization"},"alternateName":"Rovelo Tires Canada","potentialAction":[{"@type":"SearchAction","target":{"@type":"EntryPoint","urlTemplate":"https:\/\/rovelotire.ca\/?s={search_term_string}"},"query-input":{"@type":"PropertyValueSpecification","valueRequired":true,"valueName":"search_term_string"}}],"inLanguage":"es-US"},{"@type":"Organization","@id":"https:\/\/rovelotire.ca\/#organization","name":"Rovelo Tires Canada","url":"https:\/\/rovelotire.ca\/","logo":{"@type":"ImageObject","inLanguage":"es-US","@id":"https:\/\/rovelotire.ca\/#\/schema\/logo\/image\/","url":"https:\/\/rovelotireusa.staging.binary.ink\/wp-content\/uploads\/2025\/04\/rovelo-logo.svg","contentUrl":"https:\/\/rovelotireusa.staging.binary.ink\/wp-content\/uploads\/2025\/04\/rovelo-logo.svg","caption":"Rovelo Tires Canada"},"image":{"@id":"https:\/\/rovelotire.ca\/#\/schema\/logo\/image\/"}}]}},"_links":{"self":[{"href":"https:\/\/rovelotireusa.staging.binary.ink\/es-us\/wp-json\/wp\/v2\/pages\/2770","targetHints":{"allow":["GET"]}}],"collection":[{"href":"https:\/\/rovelotireusa.staging.binary.ink\/es-us\/wp-json\/wp\/v2\/pages"}],"about":[{"href":"https:\/\/rovelotireusa.staging.binary.ink\/es-us\/wp-json\/wp\/v2\/types\/page"}],"author":[{"embeddable":true,"href":"https:\/\/rovelotireusa.staging.binary.ink\/es-us\/wp-json\/wp\/v2\/users\/1"}],"replies":[{"embeddable":true,"href":"https:\/\/rovelotireusa.staging.binary.ink\/es-us\/wp-json\/wp\/v2\/comments?post=2770"}],"version-history":[{"count":1,"href":"https:\/\/rovelotireusa.staging.binary.ink\/es-us\/wp-json\/wp\/v2\/pages\/2770\/revisions"}],"predecessor-version":[{"id":2771,"href":"https:\/\/rovelotireusa.staging.binary.ink\/es-us\/wp-json\/wp\/v2\/pages\/2770\/revisions\/2771"}],"up":[{"embeddable":true,"href":"https:\/\/rovelotireusa.staging.binary.ink\/es-us\/wp-json\/wp\/v2\/pages\/2752"}],"wp:attachment":[{"href":"https:\/\/rovelotireusa.staging.binary.ink\/es-us\/wp-json\/wp\/v2\/media?parent=2770"}],"curies":[{"name":"wp","href":"https:\/\/api.w.org\/{rel}","templated":true}]}}