{"id":2768,"date":"2025-04-09T14:11:58","date_gmt":"2025-04-09T14:11:58","guid":{"rendered":"https:\/\/rovelotire.ca\/todos-los-neumaticos\/neumaticos-para-todas-las-temporadas\/"},"modified":"2025-09-16T13:58:14","modified_gmt":"2025-09-16T13:58:14","slug":"neumaticos-para-todas-las-temporadas","status":"publish","type":"page","link":"https:\/\/rovelotireusa.staging.binary.ink\/es-us\/todos-los-neumaticos\/neumaticos-para-todas-las-temporadas\/","title":{"rendered":"Neum\u00e1ticos para todas las temporadas"},"content":{"rendered":"\n<div class=\"wp-block-cover has-custom-content-position is-position-top-center has-dark-color has-text-color has-link-color wp-elements-0e499aa3cb25d3788ecf011c0e2e594e\" style=\"min-height:600px;aspect-ratio:unset;\"><img loading=\"lazy\" decoding=\"async\" width=\"1024\" height=\"981\" class=\"wp-block-cover__image-background wp-image-1525 size-large\" alt=\"\" src=\"https:\/\/rovelotire.ca\/wp-content\/uploads\/2025\/07\/PLP-Section3-About-AllSeason-Background-1024x981.webp\" style=\"object-position:51% 100%\" data-object-fit=\"cover\" data-object-position=\"51% 100%\"\/><span aria-hidden=\"true\" class=\"wp-block-cover__background has-background-dim-100 has-background-dim wp-block-cover__gradient-background has-background-gradient has-light-fade-gradient-background\"><\/span><div class=\"wp-block-cover__inner-container\">\n<div class=\"wp-block-group container mt-5 mb-5\">\n<div class=\"wp-block-group col-lg-8 m-auto\">\n<h2 class=\"wp-block-heading has-text-align-center has-primary-color has-text-color has-link-color has-large-font-size wp-elements-ef7df75ff2d03fc34d0e5a29453e8dbf\"><strong><strong>Dise\u00f1o especial para cada temporada<\/strong><\/strong><\/h2>\n\n\n\n<p class=\"has-text-align-center\">Los mejores neum\u00e1ticos para todas las temporadas ofrecen desempe\u00f1o confiable en un rango amplio de condiciones de clima. Dise\u00f1ados para comodidad y seguridad durante todo el a\u00f1o, la flota Rovelo mantiene la flexibilidad en distintas temperaturas para tracci\u00f3n fuerte, manejo suave y control confiable en caminos h\u00famedos y secos. <\/p>\n<\/div>\n<\/div>\n<\/div><\/div>\n","protected":false},"excerpt":{"rendered":"","protected":false},"author":1,"featured_media":0,"parent":2752,"menu_order":0,"comment_status":"closed","ping_status":"closed","template":"page-tires.php","meta":{"_acf_changed":false,"footnotes":""},"class_list":["post-2768","page","type-page","status-publish","hentry"],"acf":[],"yoast_head":"<!-- This site is optimized with the Yoast SEO plugin v27.2 - https:\/\/yoast.com\/product\/yoast-seo-wordpress\/ -->\n<title>Llantas para Todas las Estaciones | Rovelo Tires US<\/title>\n<meta name=\"description\" content=\"Los neum\u00e1ticos todo tiempo de Rovelo combinan la tecnolog\u00eda de neum\u00e1ticos de invierno y verano para conducir con seguridad en cualquier \u00e9poca del a\u00f1o y en todas las condiciones clim\u00e1ticas. Descubre nuestra selecci\u00f3n de neum\u00e1ticos todo tiempo hoy.\" \/>\n<meta name=\"robots\" content=\"index, follow, max-snippet:-1, max-image-preview:large, max-video-preview:-1\" \/>\n<link rel=\"canonical\" href=\"https:\/\/rovelotireusa.staging.binary.ink\/es-us\/todos-los-neumaticos\/neumaticos-para-todas-las-temporadas\/\" \/>\n<meta property=\"og:locale\" content=\"es_ES\" \/>\n<meta property=\"og:type\" content=\"article\" \/>\n<meta property=\"og:title\" content=\"Llantas para Todas las Estaciones | Rovelo Tires US\" \/>\n<meta property=\"og:description\" content=\"Los neum\u00e1ticos todo tiempo de Rovelo combinan la tecnolog\u00eda de neum\u00e1ticos de invierno y verano para conducir con seguridad en cualquier \u00e9poca del a\u00f1o y en todas las condiciones clim\u00e1ticas. Descubre nuestra selecci\u00f3n de neum\u00e1ticos todo tiempo hoy.\" \/>\n<meta property=\"og:url\" content=\"https:\/\/rovelotireusa.staging.binary.ink\/es-us\/todos-los-neumaticos\/neumaticos-para-todas-las-temporadas\/\" \/>\n<meta property=\"og:site_name\" content=\"Rovelo Tire Canada\" \/>\n<meta property=\"article:modified_time\" content=\"2025-09-16T13:58:14+00:00\" \/>\n<meta property=\"og:image\" content=\"https:\/\/rovelotire.ca\/wp-content\/uploads\/2025\/07\/PLP-Section3-About-AllSeason-Background-1024x981.webp\" \/>\n<meta name=\"twitter:card\" content=\"summary_large_image\" \/>\n<meta name=\"twitter:label1\" content=\"Est. reading time\" \/>\n\t<meta name=\"twitter:data1\" content=\"1 minute\" \/>\n<script type=\"application\/ld+json\" class=\"yoast-schema-graph\">{\"@context\":\"https:\/\/schema.org\",\"@graph\":[{\"@type\":\"WebPage\",\"@id\":\"https:\/\/rovelotireusa.staging.binary.ink\/es-us\/todos-los-neumaticos\/neumaticos-para-todas-las-temporadas\/\",\"url\":\"https:\/\/rovelotireusa.staging.binary.ink\/es-us\/todos-los-neumaticos\/neumaticos-para-todas-las-temporadas\/\",\"name\":\"Llantas para Todas las Estaciones | Rovelo Tires US\",\"isPartOf\":{\"@id\":\"https:\/\/rovelotire.ca\/#website\"},\"primaryImageOfPage\":{\"@id\":\"https:\/\/rovelotireusa.staging.binary.ink\/es-us\/todos-los-neumaticos\/neumaticos-para-todas-las-temporadas\/#primaryimage\"},\"image\":{\"@id\":\"https:\/\/rovelotireusa.staging.binary.ink\/es-us\/todos-los-neumaticos\/neumaticos-para-todas-las-temporadas\/#primaryimage\"},\"thumbnailUrl\":\"https:\/\/rovelotire.ca\/wp-content\/uploads\/2025\/07\/PLP-Section3-About-AllSeason-Background-1024x981.webp\",\"datePublished\":\"2025-04-09T14:11:58+00:00\",\"dateModified\":\"2025-09-16T13:58:14+00:00\",\"description\":\"Los neum\u00e1ticos todo tiempo de Rovelo combinan la tecnolog\u00eda de neum\u00e1ticos de invierno y verano para conducir con seguridad en cualquier \u00e9poca del a\u00f1o y en todas las condiciones clim\u00e1ticas. Descubre nuestra selecci\u00f3n de neum\u00e1ticos todo tiempo hoy.\",\"breadcrumb\":{\"@id\":\"https:\/\/rovelotireusa.staging.binary.ink\/es-us\/todos-los-neumaticos\/neumaticos-para-todas-las-temporadas\/#breadcrumb\"},\"inLanguage\":\"es-US\",\"potentialAction\":[{\"@type\":\"ReadAction\",\"target\":[\"https:\/\/rovelotireusa.staging.binary.ink\/es-us\/todos-los-neumaticos\/neumaticos-para-todas-las-temporadas\/\"]}]},{\"@type\":\"ImageObject\",\"inLanguage\":\"es-US\",\"@id\":\"https:\/\/rovelotireusa.staging.binary.ink\/es-us\/todos-los-neumaticos\/neumaticos-para-todas-las-temporadas\/#primaryimage\",\"url\":\"https:\/\/rovelotire.ca\/wp-content\/uploads\/2025\/07\/PLP-Section3-About-AllSeason-Background-1024x981.webp\",\"contentUrl\":\"https:\/\/rovelotire.ca\/wp-content\/uploads\/2025\/07\/PLP-Section3-About-AllSeason-Background-1024x981.webp\"},{\"@type\":\"BreadcrumbList\",\"@id\":\"https:\/\/rovelotireusa.staging.binary.ink\/es-us\/todos-los-neumaticos\/neumaticos-para-todas-las-temporadas\/#breadcrumb\",\"itemListElement\":[{\"@type\":\"ListItem\",\"position\":1,\"name\":\"Home\",\"item\":\"https:\/\/rovelotireusa.staging.binary.ink\/es-us\/\"},{\"@type\":\"ListItem\",\"position\":2,\"name\":\"TODOS LOS NEUM\u00c1TICOS\",\"item\":\"https:\/\/rovelotire.ca\/es-us\/todos-los-neumaticos\/\"},{\"@type\":\"ListItem\",\"position\":3,\"name\":\"Neum\u00e1ticos para todas las temporadas\"}]},{\"@type\":\"WebSite\",\"@id\":\"https:\/\/rovelotire.ca\/#website\",\"url\":\"https:\/\/rovelotire.ca\/\",\"name\":\"Rovelo Tires Canada\",\"description\":\"\",\"publisher\":{\"@id\":\"https:\/\/rovelotire.ca\/#organization\"},\"alternateName\":\"Rovelo Tires Canada\",\"potentialAction\":[{\"@type\":\"SearchAction\",\"target\":{\"@type\":\"EntryPoint\",\"urlTemplate\":\"https:\/\/rovelotire.ca\/?s={search_term_string}\"},\"query-input\":{\"@type\":\"PropertyValueSpecification\",\"valueRequired\":true,\"valueName\":\"search_term_string\"}}],\"inLanguage\":\"es-US\"},{\"@type\":\"Organization\",\"@id\":\"https:\/\/rovelotire.ca\/#organization\",\"name\":\"Rovelo Tires Canada\",\"url\":\"https:\/\/rovelotire.ca\/\",\"logo\":{\"@type\":\"ImageObject\",\"inLanguage\":\"es-US\",\"@id\":\"https:\/\/rovelotire.ca\/#\/schema\/logo\/image\/\",\"url\":\"https:\/\/rovelotireusa.staging.binary.ink\/wp-content\/uploads\/2025\/04\/rovelo-logo.svg\",\"contentUrl\":\"https:\/\/rovelotireusa.staging.binary.ink\/wp-content\/uploads\/2025\/04\/rovelo-logo.svg\",\"caption\":\"Rovelo Tires Canada\"},\"image\":{\"@id\":\"https:\/\/rovelotire.ca\/#\/schema\/logo\/image\/\"}}]}<\/script>\n<!-- \/ Yoast SEO plugin. -->","yoast_head_json":{"title":"Llantas para Todas las Estaciones | Rovelo Tires US","description":"Los neum\u00e1ticos todo tiempo de Rovelo combinan la tecnolog\u00eda de neum\u00e1ticos de invierno y verano para conducir con seguridad en cualquier \u00e9poca del a\u00f1o y en todas las condiciones clim\u00e1ticas. Descubre nuestra selecci\u00f3n de neum\u00e1ticos todo tiempo hoy.","robots":{"index":"index","follow":"follow","max-snippet":"max-snippet:-1","max-image-preview":"max-image-preview:large","max-video-preview":"max-video-preview:-1"},"canonical":"https:\/\/rovelotireusa.staging.binary.ink\/es-us\/todos-los-neumaticos\/neumaticos-para-todas-las-temporadas\/","og_locale":"es_ES","og_type":"article","og_title":"Llantas para Todas las Estaciones | Rovelo Tires US","og_description":"Los neum\u00e1ticos todo tiempo de Rovelo combinan la tecnolog\u00eda de neum\u00e1ticos de invierno y verano para conducir con seguridad en cualquier \u00e9poca del a\u00f1o y en todas las condiciones clim\u00e1ticas. Descubre nuestra selecci\u00f3n de neum\u00e1ticos todo tiempo hoy.","og_url":"https:\/\/rovelotireusa.staging.binary.ink\/es-us\/todos-los-neumaticos\/neumaticos-para-todas-las-temporadas\/","og_site_name":"Rovelo Tire Canada","article_modified_time":"2025-09-16T13:58:14+00:00","og_image":[{"url":"https:\/\/rovelotire.ca\/wp-content\/uploads\/2025\/07\/PLP-Section3-About-AllSeason-Background-1024x981.webp","type":"","width":"","height":""}],"twitter_card":"summary_large_image","twitter_misc":{"Est. reading time":"1 minute"},"schema":{"@context":"https:\/\/schema.org","@graph":[{"@type":"WebPage","@id":"https:\/\/rovelotireusa.staging.binary.ink\/es-us\/todos-los-neumaticos\/neumaticos-para-todas-las-temporadas\/","url":"https:\/\/rovelotireusa.staging.binary.ink\/es-us\/todos-los-neumaticos\/neumaticos-para-todas-las-temporadas\/","name":"Llantas para Todas las Estaciones | Rovelo Tires US","isPartOf":{"@id":"https:\/\/rovelotire.ca\/#website"},"primaryImageOfPage":{"@id":"https:\/\/rovelotireusa.staging.binary.ink\/es-us\/todos-los-neumaticos\/neumaticos-para-todas-las-temporadas\/#primaryimage"},"image":{"@id":"https:\/\/rovelotireusa.staging.binary.ink\/es-us\/todos-los-neumaticos\/neumaticos-para-todas-las-temporadas\/#primaryimage"},"thumbnailUrl":"https:\/\/rovelotire.ca\/wp-content\/uploads\/2025\/07\/PLP-Section3-About-AllSeason-Background-1024x981.webp","datePublished":"2025-04-09T14:11:58+00:00","dateModified":"2025-09-16T13:58:14+00:00","description":"Los neum\u00e1ticos todo tiempo de Rovelo combinan la tecnolog\u00eda de neum\u00e1ticos de invierno y verano para conducir con seguridad en cualquier \u00e9poca del a\u00f1o y en todas las condiciones clim\u00e1ticas. Descubre nuestra selecci\u00f3n de neum\u00e1ticos todo tiempo hoy.","breadcrumb":{"@id":"https:\/\/rovelotireusa.staging.binary.ink\/es-us\/todos-los-neumaticos\/neumaticos-para-todas-las-temporadas\/#breadcrumb"},"inLanguage":"es-US","potentialAction":[{"@type":"ReadAction","target":["https:\/\/rovelotireusa.staging.binary.ink\/es-us\/todos-los-neumaticos\/neumaticos-para-todas-las-temporadas\/"]}]},{"@type":"ImageObject","inLanguage":"es-US","@id":"https:\/\/rovelotireusa.staging.binary.ink\/es-us\/todos-los-neumaticos\/neumaticos-para-todas-las-temporadas\/#primaryimage","url":"https:\/\/rovelotire.ca\/wp-content\/uploads\/2025\/07\/PLP-Section3-About-AllSeason-Background-1024x981.webp","contentUrl":"https:\/\/rovelotire.ca\/wp-content\/uploads\/2025\/07\/PLP-Section3-About-AllSeason-Background-1024x981.webp"},{"@type":"BreadcrumbList","@id":"https:\/\/rovelotireusa.staging.binary.ink\/es-us\/todos-los-neumaticos\/neumaticos-para-todas-las-temporadas\/#breadcrumb","itemListElement":[{"@type":"ListItem","position":1,"name":"Home","item":"https:\/\/rovelotireusa.staging.binary.ink\/es-us\/"},{"@type":"ListItem","position":2,"name":"TODOS LOS NEUM\u00c1TICOS","item":"https:\/\/rovelotire.ca\/es-us\/todos-los-neumaticos\/"},{"@type":"ListItem","position":3,"name":"Neum\u00e1ticos para todas las temporadas"}]},{"@type":"WebSite","@id":"https:\/\/rovelotire.ca\/#website","url":"https:\/\/rovelotire.ca\/","name":"Rovelo Tires Canada","description":"","publisher":{"@id":"https:\/\/rovelotire.ca\/#organization"},"alternateName":"Rovelo Tires Canada","potentialAction":[{"@type":"SearchAction","target":{"@type":"EntryPoint","urlTemplate":"https:\/\/rovelotire.ca\/?s={search_term_string}"},"query-input":{"@type":"PropertyValueSpecification","valueRequired":true,"valueName":"search_term_string"}}],"inLanguage":"es-US"},{"@type":"Organization","@id":"https:\/\/rovelotire.ca\/#organization","name":"Rovelo Tires Canada","url":"https:\/\/rovelotire.ca\/","logo":{"@type":"ImageObject","inLanguage":"es-US","@id":"https:\/\/rovelotire.ca\/#\/schema\/logo\/image\/","url":"https:\/\/rovelotireusa.staging.binary.ink\/wp-content\/uploads\/2025\/04\/rovelo-logo.svg","contentUrl":"https:\/\/rovelotireusa.staging.binary.ink\/wp-content\/uploads\/2025\/04\/rovelo-logo.svg","caption":"Rovelo Tires Canada"},"image":{"@id":"https:\/\/rovelotire.ca\/#\/schema\/logo\/image\/"}}]}},"_links":{"self":[{"href":"https:\/\/rovelotireusa.staging.binary.ink\/es-us\/wp-json\/wp\/v2\/pages\/2768","targetHints":{"allow":["GET"]}}],"collection":[{"href":"https:\/\/rovelotireusa.staging.binary.ink\/es-us\/wp-json\/wp\/v2\/pages"}],"about":[{"href":"https:\/\/rovelotireusa.staging.binary.ink\/es-us\/wp-json\/wp\/v2\/types\/page"}],"author":[{"embeddable":true,"href":"https:\/\/rovelotireusa.staging.binary.ink\/es-us\/wp-json\/wp\/v2\/users\/1"}],"replies":[{"embeddable":true,"href":"https:\/\/rovelotireusa.staging.binary.ink\/es-us\/wp-json\/wp\/v2\/comments?post=2768"}],"version-history":[{"count":1,"href":"https:\/\/rovelotireusa.staging.binary.ink\/es-us\/wp-json\/wp\/v2\/pages\/2768\/revisions"}],"predecessor-version":[{"id":2769,"href":"https:\/\/rovelotireusa.staging.binary.ink\/es-us\/wp-json\/wp\/v2\/pages\/2768\/revisions\/2769"}],"up":[{"embeddable":true,"href":"https:\/\/rovelotireusa.staging.binary.ink\/es-us\/wp-json\/wp\/v2\/pages\/2752"}],"wp:attachment":[{"href":"https:\/\/rovelotireusa.staging.binary.ink\/es-us\/wp-json\/wp\/v2\/media?parent=2768"}],"curies":[{"name":"wp","href":"https:\/\/api.w.org\/{rel}","templated":true}]}}