{"id":2766,"date":"2025-04-09T14:11:11","date_gmt":"2025-04-09T14:11:11","guid":{"rendered":"https:\/\/rovelotire.ca\/todos-los-neumaticos\/neumaticos-de-alto-desempeno\/"},"modified":"2025-09-16T13:57:24","modified_gmt":"2025-09-16T13:57:24","slug":"neumaticos-de-alto-desempeno","status":"publish","type":"page","link":"https:\/\/rovelotireusa.staging.binary.ink\/es-us\/todos-los-neumaticos\/neumaticos-de-alto-desempeno\/","title":{"rendered":"Neum\u00e1ticos de alto desempe\u00f1o"},"content":{"rendered":"\n<div class=\"wp-block-cover has-custom-content-position is-position-top-center has-dark-color has-text-color has-link-color wp-elements-e2c1b17272f56be3c870f7843b97da6d\" style=\"min-height:600px;aspect-ratio:unset;\"><img loading=\"lazy\" decoding=\"async\" width=\"1024\" height=\"981\" class=\"wp-block-cover__image-background wp-image-1530 size-large\" alt=\"\" src=\"https:\/\/rovelotire.ca\/wp-content\/uploads\/2025\/07\/PLP-Section3-About-Passenger-Background-1024x981.webp\" style=\"object-position:50% 97%\" data-object-fit=\"cover\" data-object-position=\"50% 97%\"\/><span aria-hidden=\"true\" class=\"wp-block-cover__background has-background-dim-100 has-background-dim wp-block-cover__gradient-background has-background-gradient has-light-fade-gradient-background\"><\/span><div class=\"wp-block-cover__inner-container\">\n<div class=\"wp-block-group container mt-5 mb-5\">\n<div class=\"wp-block-group col-lg-8 m-auto\">\n<h2 class=\"wp-block-heading has-text-align-center has-primary-color has-text-color has-link-color has-large-font-size wp-elements-c99ac7f5e24d79236926621348a686a3\"><strong>Dise\u00f1o especial para alto rendimiento<\/strong><\/h2>\n\n\n\n<p class=\"has-text-align-center\">Dise\u00f1ado para conductores que demandan control preciso y estabilidad a alta velocidad, los neum\u00e1ticos de alto desempe\u00f1o de Rovelo est\u00e1n fabricados con compuestos avanzados de caucho con agarre, manejo y respuesta superiores para giros, frenado y aceleraci\u00f3n confiables.<\/p>\n<\/div>\n<\/div>\n<\/div><\/div>\n","protected":false},"excerpt":{"rendered":"","protected":false},"author":1,"featured_media":0,"parent":2752,"menu_order":0,"comment_status":"closed","ping_status":"closed","template":"page-tires.php","meta":{"_acf_changed":false,"footnotes":""},"class_list":["post-2766","page","type-page","status-publish","hentry"],"acf":[],"yoast_head":"<!-- This site is optimized with the Yoast SEO plugin v27.2 - https:\/\/yoast.com\/product\/yoast-seo-wordpress\/ -->\n<title>Llantas para Autos \u2013 Rendimiento y Precio Accesible | Rovelo Tires US<\/title>\n<meta name=\"description\" content=\"Descubre nuestra gama completa de neum\u00e1ticos para autos. Rendimiento accesible en el que puedes confiar. Garant\u00eda competitiva, rendimiento y confiabilidad incomparables. Encuentra el neum\u00e1tico perfecto hoy.\" \/>\n<meta name=\"robots\" content=\"index, follow, max-snippet:-1, max-image-preview:large, max-video-preview:-1\" \/>\n<link rel=\"canonical\" href=\"https:\/\/rovelotireusa.staging.binary.ink\/es-us\/todos-los-neumaticos\/neumaticos-de-alto-desempeno\/\" \/>\n<meta property=\"og:locale\" content=\"es_ES\" \/>\n<meta property=\"og:type\" content=\"article\" \/>\n<meta property=\"og:title\" content=\"Llantas para Autos \u2013 Rendimiento y Precio Accesible | Rovelo Tires US\" \/>\n<meta property=\"og:description\" content=\"Descubre nuestra gama completa de neum\u00e1ticos para autos. Rendimiento accesible en el que puedes confiar. Garant\u00eda competitiva, rendimiento y confiabilidad incomparables. Encuentra el neum\u00e1tico perfecto hoy.\" \/>\n<meta property=\"og:url\" content=\"https:\/\/rovelotireusa.staging.binary.ink\/es-us\/todos-los-neumaticos\/neumaticos-de-alto-desempeno\/\" \/>\n<meta property=\"og:site_name\" content=\"Rovelo Tire Canada\" \/>\n<meta property=\"article:modified_time\" content=\"2025-09-16T13:57:24+00:00\" \/>\n<meta property=\"og:image\" content=\"https:\/\/rovelotire.ca\/wp-content\/uploads\/2025\/07\/PLP-Section3-About-Passenger-Background-1024x981.webp\" \/>\n<meta name=\"twitter:card\" content=\"summary_large_image\" \/>\n<meta name=\"twitter:label1\" content=\"Est. reading time\" \/>\n\t<meta name=\"twitter:data1\" content=\"1 minute\" \/>\n<script type=\"application\/ld+json\" class=\"yoast-schema-graph\">{\"@context\":\"https:\/\/schema.org\",\"@graph\":[{\"@type\":\"WebPage\",\"@id\":\"https:\/\/rovelotireusa.staging.binary.ink\/es-us\/todos-los-neumaticos\/neumaticos-de-alto-desempeno\/\",\"url\":\"https:\/\/rovelotireusa.staging.binary.ink\/es-us\/todos-los-neumaticos\/neumaticos-de-alto-desempeno\/\",\"name\":\"Llantas para Autos \u2013 Rendimiento y Precio Accesible | Rovelo Tires US\",\"isPartOf\":{\"@id\":\"https:\/\/rovelotire.ca\/#website\"},\"primaryImageOfPage\":{\"@id\":\"https:\/\/rovelotireusa.staging.binary.ink\/es-us\/todos-los-neumaticos\/neumaticos-de-alto-desempeno\/#primaryimage\"},\"image\":{\"@id\":\"https:\/\/rovelotireusa.staging.binary.ink\/es-us\/todos-los-neumaticos\/neumaticos-de-alto-desempeno\/#primaryimage\"},\"thumbnailUrl\":\"https:\/\/rovelotire.ca\/wp-content\/uploads\/2025\/07\/PLP-Section3-About-Passenger-Background-1024x981.webp\",\"datePublished\":\"2025-04-09T14:11:11+00:00\",\"dateModified\":\"2025-09-16T13:57:24+00:00\",\"description\":\"Descubre nuestra gama completa de neum\u00e1ticos para autos. Rendimiento accesible en el que puedes confiar. Garant\u00eda competitiva, rendimiento y confiabilidad incomparables. Encuentra el neum\u00e1tico perfecto hoy.\",\"breadcrumb\":{\"@id\":\"https:\/\/rovelotireusa.staging.binary.ink\/es-us\/todos-los-neumaticos\/neumaticos-de-alto-desempeno\/#breadcrumb\"},\"inLanguage\":\"es-US\",\"potentialAction\":[{\"@type\":\"ReadAction\",\"target\":[\"https:\/\/rovelotireusa.staging.binary.ink\/es-us\/todos-los-neumaticos\/neumaticos-de-alto-desempeno\/\"]}]},{\"@type\":\"ImageObject\",\"inLanguage\":\"es-US\",\"@id\":\"https:\/\/rovelotireusa.staging.binary.ink\/es-us\/todos-los-neumaticos\/neumaticos-de-alto-desempeno\/#primaryimage\",\"url\":\"https:\/\/rovelotire.ca\/wp-content\/uploads\/2025\/07\/PLP-Section3-About-Passenger-Background-1024x981.webp\",\"contentUrl\":\"https:\/\/rovelotire.ca\/wp-content\/uploads\/2025\/07\/PLP-Section3-About-Passenger-Background-1024x981.webp\"},{\"@type\":\"BreadcrumbList\",\"@id\":\"https:\/\/rovelotireusa.staging.binary.ink\/es-us\/todos-los-neumaticos\/neumaticos-de-alto-desempeno\/#breadcrumb\",\"itemListElement\":[{\"@type\":\"ListItem\",\"position\":1,\"name\":\"Home\",\"item\":\"https:\/\/rovelotireusa.staging.binary.ink\/es-us\/\"},{\"@type\":\"ListItem\",\"position\":2,\"name\":\"TODOS LOS NEUM\u00c1TICOS\",\"item\":\"https:\/\/rovelotire.ca\/es-us\/todos-los-neumaticos\/\"},{\"@type\":\"ListItem\",\"position\":3,\"name\":\"Neum\u00e1ticos de alto desempe\u00f1o\"}]},{\"@type\":\"WebSite\",\"@id\":\"https:\/\/rovelotire.ca\/#website\",\"url\":\"https:\/\/rovelotire.ca\/\",\"name\":\"Rovelo Tires Canada\",\"description\":\"\",\"publisher\":{\"@id\":\"https:\/\/rovelotire.ca\/#organization\"},\"alternateName\":\"Rovelo Tires Canada\",\"potentialAction\":[{\"@type\":\"SearchAction\",\"target\":{\"@type\":\"EntryPoint\",\"urlTemplate\":\"https:\/\/rovelotire.ca\/?s={search_term_string}\"},\"query-input\":{\"@type\":\"PropertyValueSpecification\",\"valueRequired\":true,\"valueName\":\"search_term_string\"}}],\"inLanguage\":\"es-US\"},{\"@type\":\"Organization\",\"@id\":\"https:\/\/rovelotire.ca\/#organization\",\"name\":\"Rovelo Tires Canada\",\"url\":\"https:\/\/rovelotire.ca\/\",\"logo\":{\"@type\":\"ImageObject\",\"inLanguage\":\"es-US\",\"@id\":\"https:\/\/rovelotire.ca\/#\/schema\/logo\/image\/\",\"url\":\"https:\/\/rovelotireusa.staging.binary.ink\/wp-content\/uploads\/2025\/04\/rovelo-logo.svg\",\"contentUrl\":\"https:\/\/rovelotireusa.staging.binary.ink\/wp-content\/uploads\/2025\/04\/rovelo-logo.svg\",\"caption\":\"Rovelo Tires Canada\"},\"image\":{\"@id\":\"https:\/\/rovelotire.ca\/#\/schema\/logo\/image\/\"}}]}<\/script>\n<!-- \/ Yoast SEO plugin. -->","yoast_head_json":{"title":"Llantas para Autos \u2013 Rendimiento y Precio Accesible | Rovelo Tires US","description":"Descubre nuestra gama completa de neum\u00e1ticos para autos. Rendimiento accesible en el que puedes confiar. Garant\u00eda competitiva, rendimiento y confiabilidad incomparables. Encuentra el neum\u00e1tico perfecto hoy.","robots":{"index":"index","follow":"follow","max-snippet":"max-snippet:-1","max-image-preview":"max-image-preview:large","max-video-preview":"max-video-preview:-1"},"canonical":"https:\/\/rovelotireusa.staging.binary.ink\/es-us\/todos-los-neumaticos\/neumaticos-de-alto-desempeno\/","og_locale":"es_ES","og_type":"article","og_title":"Llantas para Autos \u2013 Rendimiento y Precio Accesible | Rovelo Tires US","og_description":"Descubre nuestra gama completa de neum\u00e1ticos para autos. Rendimiento accesible en el que puedes confiar. Garant\u00eda competitiva, rendimiento y confiabilidad incomparables. Encuentra el neum\u00e1tico perfecto hoy.","og_url":"https:\/\/rovelotireusa.staging.binary.ink\/es-us\/todos-los-neumaticos\/neumaticos-de-alto-desempeno\/","og_site_name":"Rovelo Tire Canada","article_modified_time":"2025-09-16T13:57:24+00:00","og_image":[{"url":"https:\/\/rovelotire.ca\/wp-content\/uploads\/2025\/07\/PLP-Section3-About-Passenger-Background-1024x981.webp","type":"","width":"","height":""}],"twitter_card":"summary_large_image","twitter_misc":{"Est. reading time":"1 minute"},"schema":{"@context":"https:\/\/schema.org","@graph":[{"@type":"WebPage","@id":"https:\/\/rovelotireusa.staging.binary.ink\/es-us\/todos-los-neumaticos\/neumaticos-de-alto-desempeno\/","url":"https:\/\/rovelotireusa.staging.binary.ink\/es-us\/todos-los-neumaticos\/neumaticos-de-alto-desempeno\/","name":"Llantas para Autos \u2013 Rendimiento y Precio Accesible | Rovelo Tires US","isPartOf":{"@id":"https:\/\/rovelotire.ca\/#website"},"primaryImageOfPage":{"@id":"https:\/\/rovelotireusa.staging.binary.ink\/es-us\/todos-los-neumaticos\/neumaticos-de-alto-desempeno\/#primaryimage"},"image":{"@id":"https:\/\/rovelotireusa.staging.binary.ink\/es-us\/todos-los-neumaticos\/neumaticos-de-alto-desempeno\/#primaryimage"},"thumbnailUrl":"https:\/\/rovelotire.ca\/wp-content\/uploads\/2025\/07\/PLP-Section3-About-Passenger-Background-1024x981.webp","datePublished":"2025-04-09T14:11:11+00:00","dateModified":"2025-09-16T13:57:24+00:00","description":"Descubre nuestra gama completa de neum\u00e1ticos para autos. Rendimiento accesible en el que puedes confiar. Garant\u00eda competitiva, rendimiento y confiabilidad incomparables. Encuentra el neum\u00e1tico perfecto hoy.","breadcrumb":{"@id":"https:\/\/rovelotireusa.staging.binary.ink\/es-us\/todos-los-neumaticos\/neumaticos-de-alto-desempeno\/#breadcrumb"},"inLanguage":"es-US","potentialAction":[{"@type":"ReadAction","target":["https:\/\/rovelotireusa.staging.binary.ink\/es-us\/todos-los-neumaticos\/neumaticos-de-alto-desempeno\/"]}]},{"@type":"ImageObject","inLanguage":"es-US","@id":"https:\/\/rovelotireusa.staging.binary.ink\/es-us\/todos-los-neumaticos\/neumaticos-de-alto-desempeno\/#primaryimage","url":"https:\/\/rovelotire.ca\/wp-content\/uploads\/2025\/07\/PLP-Section3-About-Passenger-Background-1024x981.webp","contentUrl":"https:\/\/rovelotire.ca\/wp-content\/uploads\/2025\/07\/PLP-Section3-About-Passenger-Background-1024x981.webp"},{"@type":"BreadcrumbList","@id":"https:\/\/rovelotireusa.staging.binary.ink\/es-us\/todos-los-neumaticos\/neumaticos-de-alto-desempeno\/#breadcrumb","itemListElement":[{"@type":"ListItem","position":1,"name":"Home","item":"https:\/\/rovelotireusa.staging.binary.ink\/es-us\/"},{"@type":"ListItem","position":2,"name":"TODOS LOS NEUM\u00c1TICOS","item":"https:\/\/rovelotire.ca\/es-us\/todos-los-neumaticos\/"},{"@type":"ListItem","position":3,"name":"Neum\u00e1ticos de alto desempe\u00f1o"}]},{"@type":"WebSite","@id":"https:\/\/rovelotire.ca\/#website","url":"https:\/\/rovelotire.ca\/","name":"Rovelo Tires Canada","description":"","publisher":{"@id":"https:\/\/rovelotire.ca\/#organization"},"alternateName":"Rovelo Tires Canada","potentialAction":[{"@type":"SearchAction","target":{"@type":"EntryPoint","urlTemplate":"https:\/\/rovelotire.ca\/?s={search_term_string}"},"query-input":{"@type":"PropertyValueSpecification","valueRequired":true,"valueName":"search_term_string"}}],"inLanguage":"es-US"},{"@type":"Organization","@id":"https:\/\/rovelotire.ca\/#organization","name":"Rovelo Tires Canada","url":"https:\/\/rovelotire.ca\/","logo":{"@type":"ImageObject","inLanguage":"es-US","@id":"https:\/\/rovelotire.ca\/#\/schema\/logo\/image\/","url":"https:\/\/rovelotireusa.staging.binary.ink\/wp-content\/uploads\/2025\/04\/rovelo-logo.svg","contentUrl":"https:\/\/rovelotireusa.staging.binary.ink\/wp-content\/uploads\/2025\/04\/rovelo-logo.svg","caption":"Rovelo Tires Canada"},"image":{"@id":"https:\/\/rovelotire.ca\/#\/schema\/logo\/image\/"}}]}},"_links":{"self":[{"href":"https:\/\/rovelotireusa.staging.binary.ink\/es-us\/wp-json\/wp\/v2\/pages\/2766","targetHints":{"allow":["GET"]}}],"collection":[{"href":"https:\/\/rovelotireusa.staging.binary.ink\/es-us\/wp-json\/wp\/v2\/pages"}],"about":[{"href":"https:\/\/rovelotireusa.staging.binary.ink\/es-us\/wp-json\/wp\/v2\/types\/page"}],"author":[{"embeddable":true,"href":"https:\/\/rovelotireusa.staging.binary.ink\/es-us\/wp-json\/wp\/v2\/users\/1"}],"replies":[{"embeddable":true,"href":"https:\/\/rovelotireusa.staging.binary.ink\/es-us\/wp-json\/wp\/v2\/comments?post=2766"}],"version-history":[{"count":1,"href":"https:\/\/rovelotireusa.staging.binary.ink\/es-us\/wp-json\/wp\/v2\/pages\/2766\/revisions"}],"predecessor-version":[{"id":2767,"href":"https:\/\/rovelotireusa.staging.binary.ink\/es-us\/wp-json\/wp\/v2\/pages\/2766\/revisions\/2767"}],"up":[{"embeddable":true,"href":"https:\/\/rovelotireusa.staging.binary.ink\/es-us\/wp-json\/wp\/v2\/pages\/2752"}],"wp:attachment":[{"href":"https:\/\/rovelotireusa.staging.binary.ink\/es-us\/wp-json\/wp\/v2\/media?parent=2766"}],"curies":[{"name":"wp","href":"https:\/\/api.w.org\/{rel}","templated":true}]}}