{"id":2751,"date":"2025-04-09T14:01:45","date_gmt":"2025-04-09T14:01:45","guid":{"rendered":"https:\/\/rovelotire.ca\/home\/"},"modified":"2026-03-07T01:36:33","modified_gmt":"2026-03-07T01:36:33","slug":"home","status":"publish","type":"page","link":"https:\/\/rovelotireusa.staging.binary.ink\/es-us\/","title":{"rendered":"Home"},"content":{"rendered":"\n<div class=\"wp-block-cover d-none d-md-flex\" style=\"min-height:80vh;aspect-ratio:unset;\"><img loading=\"lazy\" decoding=\"async\" width=\"2560\" height=\"1154\" class=\"wp-block-cover__image-background wp-image-4213 size-full\" alt=\"Stay ahead of the curve - spring campaign banner\" src=\"https:\/\/rovelotire.ca\/wp-content\/uploads\/2026\/03\/SAIL-0016_2026SpringCampign-WebHero-Desktop-Background_FA-scaled.webp\" data-object-fit=\"cover\"\/><span aria-hidden=\"true\" class=\"wp-block-cover__background has-background-dim-0 has-background-dim\" style=\"background-color:#707673\"><\/span><div class=\"wp-block-cover__inner-container\">\n<div class=\"wp-block-group container-xl my-5 py-5\">\n<h1 class=\"wp-block-heading mb-5 col-6 has-size-5-font-size\">Mantente un paso adelante<\/h1>\n\n\n\n<div class=\"wp-block-buttons\">\n<div class=\"wp-block-button me-4\"><a class=\"wp-block-button__link has-primary-background-color has-background wp-element-button\" href=\"https:\/\/rovelotireusa.com\/es-us\/spring-the-curve\/\">Listo para la Carretera<\/a><\/div>\n\n\n\n<div class=\"wp-block-button\"><a class=\"wp-block-button__link has-secondary-background-color has-background wp-element-button\" href=\"https:\/\/rovelotireusa.com\/es-us\/tires\/\">Encuentra Tu Llanta<\/a><\/div>\n<\/div>\n<\/div>\n<\/div><\/div>\n\n\n\n<div class=\"wp-block-cover has-custom-content-position is-position-top-center d-md-none\" style=\"min-height:80vh;aspect-ratio:unset;\"><img loading=\"lazy\" decoding=\"async\" width=\"786\" height=\"1380\" class=\"wp-block-cover__image-background wp-image-4226 size-full\" alt=\"Stay ahead of the curve - spring campaign banner\" src=\"https:\/\/rovelotire.ca\/wp-content\/uploads\/2026\/03\/SAIL-0016_2026SpringCampign-WebHero-Mobile-Background_FA.webp\" style=\"object-position:49% 35%\" data-object-fit=\"cover\" data-object-position=\"49% 35%\"\/><span aria-hidden=\"true\" class=\"wp-block-cover__background has-background-dim-0 has-background-dim\" style=\"background-color:#505250\"><\/span><div class=\"wp-block-cover__inner-container\">\n<div class=\"wp-block-group container-xl py-5 my-5\">\n<h1 class=\"wp-block-heading has-text-align-center mb-5 col-10 m-auto has-size-4-font-size\">Mantente un paso adelante<\/h1>\n\n\n\n<div class=\"wp-block-buttons m-auto text-center\">\n<div class=\"wp-block-button me-sm-4 mb-3\"><a class=\"wp-block-button__link has-primary-background-color has-background wp-element-button\" href=\"https:\/\/rovelotireusa.com\/es-us\/spring-the-curve\/\">Listo para la Carretera<\/a><\/div>\n\n\n\n<div class=\"wp-block-button  mb-3\"><a class=\"wp-block-button__link has-secondary-background-color has-background wp-element-button\" href=\"https:\/\/rovelotireusa.com\/es-us\/tires\/\">Encuentra Tu Llanta<\/a><\/div>\n<\/div>\n<\/div>\n<\/div><\/div>\n","protected":false},"excerpt":{"rendered":"","protected":false},"author":1,"featured_media":0,"parent":0,"menu_order":0,"comment_status":"closed","ping_status":"closed","template":"","meta":{"_acf_changed":false,"footnotes":""},"class_list":["post-2751","page","type-page","status-publish","hentry"],"acf":[],"yoast_head":"<!-- This site is optimized with the Yoast SEO plugin v27.2 - https:\/\/yoast.com\/product\/yoast-seo-wordpress\/ -->\n<title>Rovelo Tires US \u2013 Rendimiento y Confiabilidad Inigualables<\/title>\n<meta name=\"description\" content=\"Rovelo Tires US es l\u00edder en valor, con una amplia gama de tama\u00f1os y aplicaciones para autos, camiones, crossovers y SUV. Descubre nuestra selecci\u00f3n hoy.\" \/>\n<meta name=\"robots\" content=\"index, follow, max-snippet:-1, max-image-preview:large, max-video-preview:-1\" \/>\n<link rel=\"canonical\" href=\"https:\/\/rovelotireusa.staging.binary.ink\/es-us\/\" \/>\n<meta property=\"og:locale\" content=\"es_ES\" \/>\n<meta property=\"og:type\" content=\"article\" \/>\n<meta property=\"og:title\" content=\"Rovelo Tires US \u2013 Rendimiento y Confiabilidad Inigualables\" \/>\n<meta property=\"og:description\" content=\"Rovelo Tires US es l\u00edder en valor, con una amplia gama de tama\u00f1os y aplicaciones para autos, camiones, crossovers y SUV. Descubre nuestra selecci\u00f3n hoy.\" \/>\n<meta property=\"og:url\" content=\"https:\/\/rovelotireusa.staging.binary.ink\/es-us\/\" \/>\n<meta property=\"og:site_name\" content=\"Rovelo Tire Canada\" \/>\n<meta property=\"article:modified_time\" content=\"2026-03-07T01:36:33+00:00\" \/>\n<meta property=\"og:image\" content=\"https:\/\/rovelotire.ca\/wp-content\/uploads\/2026\/03\/SAIL-0016_2026SpringCampign-WebHero-Desktop-Background_FA-scaled.webp\" \/>\n<meta name=\"twitter:card\" content=\"summary_large_image\" \/>\n<meta name=\"twitter:label1\" content=\"Est. reading time\" \/>\n\t<meta name=\"twitter:data1\" content=\"1 minute\" \/>\n<script type=\"application\/ld+json\" class=\"yoast-schema-graph\">{\"@context\":\"https:\/\/schema.org\",\"@graph\":[{\"@type\":\"WebPage\",\"@id\":\"https:\/\/rovelotireusa.staging.binary.ink\/es-us\/\",\"url\":\"https:\/\/rovelotireusa.staging.binary.ink\/es-us\/\",\"name\":\"Rovelo Tires US \u2013 Rendimiento y Confiabilidad Inigualables\",\"isPartOf\":{\"@id\":\"https:\/\/rovelotire.ca\/#website\"},\"primaryImageOfPage\":{\"@id\":\"https:\/\/rovelotireusa.staging.binary.ink\/es-us\/#primaryimage\"},\"image\":{\"@id\":\"https:\/\/rovelotireusa.staging.binary.ink\/es-us\/#primaryimage\"},\"thumbnailUrl\":\"https:\/\/rovelotire.ca\/wp-content\/uploads\/2026\/03\/SAIL-0016_2026SpringCampign-WebHero-Desktop-Background_FA-scaled.webp\",\"datePublished\":\"2025-04-09T14:01:45+00:00\",\"dateModified\":\"2026-03-07T01:36:33+00:00\",\"description\":\"Rovelo Tires US es l\u00edder en valor, con una amplia gama de tama\u00f1os y aplicaciones para autos, camiones, crossovers y SUV. Descubre nuestra selecci\u00f3n hoy.\",\"breadcrumb\":{\"@id\":\"https:\/\/rovelotireusa.staging.binary.ink\/es-us\/#breadcrumb\"},\"inLanguage\":\"es-US\",\"potentialAction\":[{\"@type\":\"ReadAction\",\"target\":[\"https:\/\/rovelotireusa.staging.binary.ink\/es-us\/\"]}]},{\"@type\":\"ImageObject\",\"inLanguage\":\"es-US\",\"@id\":\"https:\/\/rovelotireusa.staging.binary.ink\/es-us\/#primaryimage\",\"url\":\"https:\/\/rovelotire.ca\/wp-content\/uploads\/2026\/03\/SAIL-0016_2026SpringCampign-WebHero-Desktop-Background_FA-scaled.webp\",\"contentUrl\":\"https:\/\/rovelotire.ca\/wp-content\/uploads\/2026\/03\/SAIL-0016_2026SpringCampign-WebHero-Desktop-Background_FA-scaled.webp\"},{\"@type\":\"BreadcrumbList\",\"@id\":\"https:\/\/rovelotireusa.staging.binary.ink\/es-us\/#breadcrumb\",\"itemListElement\":[{\"@type\":\"ListItem\",\"position\":1,\"name\":\"Home\",\"item\":\"https:\/\/rovelotireusa.staging.binary.ink\/es-us\/\"},{\"@type\":\"ListItem\",\"position\":2,\"name\":\"Home\"}]},{\"@type\":\"WebSite\",\"@id\":\"https:\/\/rovelotire.ca\/#website\",\"url\":\"https:\/\/rovelotire.ca\/\",\"name\":\"Rovelo Tires Canada\",\"description\":\"\",\"publisher\":{\"@id\":\"https:\/\/rovelotire.ca\/#organization\"},\"alternateName\":\"Rovelo Tires Canada\",\"potentialAction\":[{\"@type\":\"SearchAction\",\"target\":{\"@type\":\"EntryPoint\",\"urlTemplate\":\"https:\/\/rovelotire.ca\/?s={search_term_string}\"},\"query-input\":{\"@type\":\"PropertyValueSpecification\",\"valueRequired\":true,\"valueName\":\"search_term_string\"}}],\"inLanguage\":\"es-US\"},{\"@type\":\"Organization\",\"@id\":\"https:\/\/rovelotire.ca\/#organization\",\"name\":\"Rovelo Tires Canada\",\"url\":\"https:\/\/rovelotire.ca\/\",\"logo\":{\"@type\":\"ImageObject\",\"inLanguage\":\"es-US\",\"@id\":\"https:\/\/rovelotire.ca\/#\/schema\/logo\/image\/\",\"url\":\"https:\/\/rovelotireusa.staging.binary.ink\/wp-content\/uploads\/2025\/04\/rovelo-logo.svg\",\"contentUrl\":\"https:\/\/rovelotireusa.staging.binary.ink\/wp-content\/uploads\/2025\/04\/rovelo-logo.svg\",\"caption\":\"Rovelo Tires Canada\"},\"image\":{\"@id\":\"https:\/\/rovelotire.ca\/#\/schema\/logo\/image\/\"}}]}<\/script>\n<!-- \/ Yoast SEO plugin. -->","yoast_head_json":{"title":"Rovelo Tires US \u2013 Rendimiento y Confiabilidad Inigualables","description":"Rovelo Tires US es l\u00edder en valor, con una amplia gama de tama\u00f1os y aplicaciones para autos, camiones, crossovers y SUV. Descubre nuestra selecci\u00f3n hoy.","robots":{"index":"index","follow":"follow","max-snippet":"max-snippet:-1","max-image-preview":"max-image-preview:large","max-video-preview":"max-video-preview:-1"},"canonical":"https:\/\/rovelotireusa.staging.binary.ink\/es-us\/","og_locale":"es_ES","og_type":"article","og_title":"Rovelo Tires US \u2013 Rendimiento y Confiabilidad Inigualables","og_description":"Rovelo Tires US es l\u00edder en valor, con una amplia gama de tama\u00f1os y aplicaciones para autos, camiones, crossovers y SUV. Descubre nuestra selecci\u00f3n hoy.","og_url":"https:\/\/rovelotireusa.staging.binary.ink\/es-us\/","og_site_name":"Rovelo Tire Canada","article_modified_time":"2026-03-07T01:36:33+00:00","og_image":[{"url":"https:\/\/rovelotire.ca\/wp-content\/uploads\/2026\/03\/SAIL-0016_2026SpringCampign-WebHero-Desktop-Background_FA-scaled.webp","type":"","width":"","height":""}],"twitter_card":"summary_large_image","twitter_misc":{"Est. reading time":"1 minute"},"schema":{"@context":"https:\/\/schema.org","@graph":[{"@type":"WebPage","@id":"https:\/\/rovelotireusa.staging.binary.ink\/es-us\/","url":"https:\/\/rovelotireusa.staging.binary.ink\/es-us\/","name":"Rovelo Tires US \u2013 Rendimiento y Confiabilidad Inigualables","isPartOf":{"@id":"https:\/\/rovelotire.ca\/#website"},"primaryImageOfPage":{"@id":"https:\/\/rovelotireusa.staging.binary.ink\/es-us\/#primaryimage"},"image":{"@id":"https:\/\/rovelotireusa.staging.binary.ink\/es-us\/#primaryimage"},"thumbnailUrl":"https:\/\/rovelotire.ca\/wp-content\/uploads\/2026\/03\/SAIL-0016_2026SpringCampign-WebHero-Desktop-Background_FA-scaled.webp","datePublished":"2025-04-09T14:01:45+00:00","dateModified":"2026-03-07T01:36:33+00:00","description":"Rovelo Tires US es l\u00edder en valor, con una amplia gama de tama\u00f1os y aplicaciones para autos, camiones, crossovers y SUV. Descubre nuestra selecci\u00f3n hoy.","breadcrumb":{"@id":"https:\/\/rovelotireusa.staging.binary.ink\/es-us\/#breadcrumb"},"inLanguage":"es-US","potentialAction":[{"@type":"ReadAction","target":["https:\/\/rovelotireusa.staging.binary.ink\/es-us\/"]}]},{"@type":"ImageObject","inLanguage":"es-US","@id":"https:\/\/rovelotireusa.staging.binary.ink\/es-us\/#primaryimage","url":"https:\/\/rovelotire.ca\/wp-content\/uploads\/2026\/03\/SAIL-0016_2026SpringCampign-WebHero-Desktop-Background_FA-scaled.webp","contentUrl":"https:\/\/rovelotire.ca\/wp-content\/uploads\/2026\/03\/SAIL-0016_2026SpringCampign-WebHero-Desktop-Background_FA-scaled.webp"},{"@type":"BreadcrumbList","@id":"https:\/\/rovelotireusa.staging.binary.ink\/es-us\/#breadcrumb","itemListElement":[{"@type":"ListItem","position":1,"name":"Home","item":"https:\/\/rovelotireusa.staging.binary.ink\/es-us\/"},{"@type":"ListItem","position":2,"name":"Home"}]},{"@type":"WebSite","@id":"https:\/\/rovelotire.ca\/#website","url":"https:\/\/rovelotire.ca\/","name":"Rovelo Tires Canada","description":"","publisher":{"@id":"https:\/\/rovelotire.ca\/#organization"},"alternateName":"Rovelo Tires Canada","potentialAction":[{"@type":"SearchAction","target":{"@type":"EntryPoint","urlTemplate":"https:\/\/rovelotire.ca\/?s={search_term_string}"},"query-input":{"@type":"PropertyValueSpecification","valueRequired":true,"valueName":"search_term_string"}}],"inLanguage":"es-US"},{"@type":"Organization","@id":"https:\/\/rovelotire.ca\/#organization","name":"Rovelo Tires Canada","url":"https:\/\/rovelotire.ca\/","logo":{"@type":"ImageObject","inLanguage":"es-US","@id":"https:\/\/rovelotire.ca\/#\/schema\/logo\/image\/","url":"https:\/\/rovelotireusa.staging.binary.ink\/wp-content\/uploads\/2025\/04\/rovelo-logo.svg","contentUrl":"https:\/\/rovelotireusa.staging.binary.ink\/wp-content\/uploads\/2025\/04\/rovelo-logo.svg","caption":"Rovelo Tires Canada"},"image":{"@id":"https:\/\/rovelotire.ca\/#\/schema\/logo\/image\/"}}]}},"_links":{"self":[{"href":"https:\/\/rovelotireusa.staging.binary.ink\/es-us\/wp-json\/wp\/v2\/pages\/2751","targetHints":{"allow":["GET"]}}],"collection":[{"href":"https:\/\/rovelotireusa.staging.binary.ink\/es-us\/wp-json\/wp\/v2\/pages"}],"about":[{"href":"https:\/\/rovelotireusa.staging.binary.ink\/es-us\/wp-json\/wp\/v2\/types\/page"}],"author":[{"embeddable":true,"href":"https:\/\/rovelotireusa.staging.binary.ink\/es-us\/wp-json\/wp\/v2\/users\/1"}],"replies":[{"embeddable":true,"href":"https:\/\/rovelotireusa.staging.binary.ink\/es-us\/wp-json\/wp\/v2\/comments?post=2751"}],"version-history":[{"count":7,"href":"https:\/\/rovelotireusa.staging.binary.ink\/es-us\/wp-json\/wp\/v2\/pages\/2751\/revisions"}],"predecessor-version":[{"id":4259,"href":"https:\/\/rovelotireusa.staging.binary.ink\/es-us\/wp-json\/wp\/v2\/pages\/2751\/revisions\/4259"}],"wp:attachment":[{"href":"https:\/\/rovelotireusa.staging.binary.ink\/es-us\/wp-json\/wp\/v2\/media?parent=2751"}],"curies":[{"name":"wp","href":"https:\/\/api.w.org\/{rel}","templated":true}]}}